{"id":5908,"date":"2022-10-05T19:53:43","date_gmt":"2022-10-05T16:53:43","guid":{"rendered":"https:\/\/imc.com.tr\/?page_id=5908"},"modified":"2022-11-24T13:44:05","modified_gmt":"2022-11-24T10:44:05","slug":"baskanin-mesaji","status":"publish","type":"page","link":"https:\/\/imc.com.tr\/ar\/baskanin-mesaji\/","title":{"rendered":"\u0631\u0633\u0627\u0644\u0629 \u0627\u0644\u0631\u0626\u064a\u0633"},"content":{"rendered":"<div class=\"fusion-fullwidth fullwidth-box fusion-builder-row-1 fusion-flex-container has-pattern-background has-mask-background nonhundred-percent-fullwidth non-hundred-percent-height-scrolling\" style=\"background-color: var(--awb-color1);background-position: center center;background-repeat: no-repeat;border-width: 0px 0px 0px 0px;border-color:var(--awb-color2);border-style:solid;\" ><div class=\"fusion-builder-row fusion-row fusion-flex-align-items-flex-start\" style=\"max-width:1216.8px;margin-left: calc(-4% \/ 2 );margin-right: calc(-4% \/ 2 );\"><div class=\"fusion-layout-column fusion_builder_column fusion-builder-column-0 fusion_builder_column_1_2 1_2 fusion-flex-column\"><div class=\"fusion-column-wrapper fusion-flex-justify-content-flex-start fusion-content-layout-column\" style=\"background-position:left top;background-repeat:no-repeat;-webkit-background-size:cover;-moz-background-size:cover;-o-background-size:cover;background-size:cover;padding: 0px 0px 0px 0px;\"><div ><style>.imageframe-liftup.imageframe-1:before{border-radius:8px;}<\/style><div class=\"awb-image-frame awb-image-frame-1 imageframe-liftup imageframe-1\"><span class=\"fusion-imageframe imageframe-none imageframe-1 fusion-animated\" style=\"border-radius:8px;\" data-animationtype=\"fadeInLeft\" data-animationduration=\"1.0\" data-animationoffset=\"top-into-view\"><img decoding=\"async\" width=\"1200\" height=\"831\" alt=\"imc galvaniz y\u00f6netim kurulu ba\u015fkan\u0131\" title=\"imc-galvaniz-yonetim-kurulu-baskani\" src=\"https:\/\/imc.com.tr\/wp-content\/uploads\/2022\/10\/imc-galvaniz-yonetim-kurulu-baskani.jpg\" data-orig-src=\"https:\/\/imc.com.tr\/wp-content\/uploads\/2022\/10\/imc-galvaniz-yonetim-kurulu-baskani.jpg\" class=\"lazyload img-responsive wp-image-6090\" srcset=\"data:image\/svg+xml,%3Csvg%20xmlns%3D%27http%3A%2F%2Fwww.w3.org%2F2000%2Fsvg%27%20width%3D%271200%27%20height%3D%27831%27%20viewBox%3D%270%200%201200%20831%27%3E%3Crect%20width%3D%271200%27%20height%3D%27831%27%20fill-opacity%3D%220%22%2F%3E%3C%2Fsvg%3E\" data-srcset=\"https:\/\/imc.com.tr\/wp-content\/uploads\/2022\/10\/imc-galvaniz-yonetim-kurulu-baskani-200x139.jpg 200w, https:\/\/imc.com.tr\/wp-content\/uploads\/2022\/10\/imc-galvaniz-yonetim-kurulu-baskani-400x277.jpg 400w, https:\/\/imc.com.tr\/wp-content\/uploads\/2022\/10\/imc-galvaniz-yonetim-kurulu-baskani-600x416.jpg 600w, https:\/\/imc.com.tr\/wp-content\/uploads\/2022\/10\/imc-galvaniz-yonetim-kurulu-baskani-800x554.jpg 800w, https:\/\/imc.com.tr\/wp-content\/uploads\/2022\/10\/imc-galvaniz-yonetim-kurulu-baskani.jpg 1200w\" data-sizes=\"auto\" data-orig-sizes=\"(max-width: 1200px) 100vw, (max-width: 640px) 100vw, 600px\" \/><\/span><\/div><\/div><\/div><style type=\"text\/css\">.fusion-body .fusion-builder-column-0{width:50% !important;margin-top : 0px;margin-bottom : 0px;}.fusion-builder-column-0 > .fusion-column-wrapper {padding-top : 0px !important;padding-right : 0px !important;margin-right : 0%;padding-bottom : 0px !important;padding-left : 0px !important;margin-left : 3.84%;}@media only screen and (max-width:1200px) {.fusion-body .fusion-builder-column-0{width:100% !important;}.fusion-builder-column-0 > .fusion-column-wrapper {margin-right : 1.92%;margin-left : 1.92%;}}@media only screen and (max-width:640px) {.fusion-body .fusion-builder-column-0{width:100% !important;}.fusion-builder-column-0 > .fusion-column-wrapper {margin-right : 1.92%;margin-left : 1.92%;}}<\/style><\/div><div class=\"fusion-layout-column fusion_builder_column fusion-builder-column-1 fusion_builder_column_1_2 1_2 fusion-flex-column fusion-animated\" data-animationtype=\"fadeInRight\" data-animationduration=\"1.0\" data-animationoffset=\"top-into-view\"><div class=\"fusion-column-wrapper fusion-flex-justify-content-flex-start fusion-content-layout-column\" style=\"background-position:left top;background-repeat:no-repeat;-webkit-background-size:cover;-moz-background-size:cover;-o-background-size:cover;background-size:cover;padding: 0px 0px 0px 0px;\"><div class=\"fusion-builder-row fusion-builder-row-inner fusion-row fusion-flex-align-items-flex-start\" style=\"width:104% !important;max-width:104% !important;margin-left: calc(-4% \/ 2 );margin-right: calc(-4% \/ 2 );\"><div class=\"fusion-layout-column fusion_builder_column_inner fusion-builder-nested-column-0 fusion_builder_column_inner_1_1 1_1 fusion-flex-column\"><div class=\"fusion-column-wrapper fusion-flex-justify-content-flex-start fusion-content-layout-column\" style=\"background-position:left top;background-repeat:no-repeat;-webkit-background-size:cover;-moz-background-size:cover;-o-background-size:cover;background-size:cover;padding: 0px 0px 0px 40px;\"><style type=\"text\/css\">@media only screen and (max-width:1200px) {.fusion-title.fusion-title-1{margin-top:0px!important; margin-right:0px!important;margin-bottom:0px!important;margin-left:0px!important;}}@media only screen and (max-width:640px) {.fusion-title.fusion-title-1{margin-top:0px!important; margin-right:0px!important;margin-bottom:0px!important; margin-left:0px!important;}}<\/style><div class=\"fusion-title title fusion-title-1 fusion-sep-none fusion-title-text fusion-title-size-three\" style=\"font-size:var(--awb-typography2-font-size);margin-top:0px;margin-right:0px;margin-bottom:0px;margin-left:0px;\"><h3 class=\"title-heading-left fusion-responsive-typography-calculated\" style=\"font-family:var(--awb-typography2-font-family);font-weight:var(--awb-typography2-font-weight);font-style:var(--awb-typography2-font-style);margin:0;font-size:1em;letter-spacing:var(--awb-typography2-letter-spacing);text-transform:var(--awb-typography2-text-transform);color:var(--awb-color6);--fontSize:35;line-height:var(--awb-typography2-line-height);\">\u0643\u0644\u0645\u0629 \u0631\u0626\u064a\u0633 \u0645\u062c\u0644\u0633 \u0627\u0644\u0625\u062f\u0627\u0631\u0629<\/h3><\/div><div class=\"fusion-separator\" style=\"align-self: flex-end;margin-right:auto;margin-top:30px;margin-bottom:30px;width:100%;max-width:120px;\"><div class=\"fusion-separator-border sep-single\" style=\"border-color:var(--awb-color4);border-top-width:4px;\"><\/div><\/div><div class=\"fusion-text fusion-text-1\"><p>\u0627\u0644\u0633\u0627\u062f\u0629 \u0623\u0635\u062d\u0627\u0628 \u0627\u0644\u0645\u0635\u0644\u062d\u0629 \u0648\u0627\u0644\u0645\u0648\u0638\u0641\u064a\u0646 \u0627\u0644\u0643\u0631\u0627\u0645 \u060c<\/p>\n<p>\u0628\u0623\u0633\u0645 \u0639\u0627\u0626\u0644\u0629 \u0623\u064a \u0627\u0645 \u0633\u064a, \u0646\u0647\u062f\u0641 \u0625\u0644\u0649 \u0627\u0644\u0625\u0646\u062a\u0627\u062c \u0648\u0627\u0644\u0639\u0645\u0644 \u0648\u0627\u0644\u062d\u0641\u0627\u0638 \u0639\u0644\u0649 \u0625\u0646\u062a\u0627\u062c\u064a\u0629 \u0645\u0648\u0638\u0641\u064a\u0646\u0627 \u0639\u0644\u0649 \u0623\u0639\u0644\u0649 \u0645\u0633\u062a\u0648\u0649. \u0645\u0646\u0630 \u062a\u0623\u0633\u064a\u0633\u0646\u0627 \u060c \u062d\u0627\u0641\u0638\u0646\u0627 \u0639\u0644\u0649 \u0641\u0647\u0645\u0646\u0627 \u0644\u0644\u062b\u0642\u0629 \u063a\u064a\u0631 \u0627\u0644\u0645\u0634\u0631\u0648\u0637\u0629 \u0648\u0627\u0644\u062c\u0648\u062f\u0629 \u060c \u0648\u0646\u0648\u0627\u0635\u0644 \u0628\u0641\u062e\u0631 \u0625\u0639\u0644\u0627\u0646 \u0627\u0633\u0645 \u0634\u0631\u0643\u062a\u0646\u0627 \u0645\u0646 \u062e\u0644\u0627\u0644 \u0627\u0644\u062a\u062d\u0633\u064a\u0646 \u0627\u0644\u0645\u0633\u062a\u0645\u0631 \u0644\u0641\u0647\u0645\u0646\u0627 \u0644\u0644\u062e\u062f\u0645\u0629 \u063a\u064a\u0631 \u0627\u0644\u0645\u062d\u062f\u0648\u062f\u0629 \u0627\u0644\u062a\u064a \u0646\u0642\u062f\u0645\u0647\u0627 \u0644\u0644\u0639\u0645\u0644\u0627\u0621.<\/p>\n<p>\u0627\u0644\u0645\u064a\u0632\u0629 \u0627\u0644\u0623\u0643\u062b\u0631 \u0623\u0647\u0645\u064a\u0629 \u0627\u0644\u062a\u064a \u062a\u062c\u0639\u0644\u0646\u0627 \u0645\u0627 \u0646\u062d\u0646 \u0639\u0644\u064a\u0647 \u0647\u064a \u0642\u0648\u0629 \u0645\u0627\u0636\u064a\u0646\u0627 \u0627\u0644\u0631\u0627\u0633\u062e \u060c \u0648\u0627\u0633\u062a\u0645\u0631\u0627\u0631\u064a\u0629 \u0623\u062e\u0644\u0627\u0642\u064a\u0627\u062a \u0627\u0644\u0639\u0645\u0644 \u0627\u0644\u0635\u0627\u062f\u0642\u0629 \u0648\u0627\u0644\u0645\u0648\u062b\u0648\u0642\u0629 \u0648\u0627\u0644\u0642\u064a\u0645\u0629 \u0627\u0644\u062a\u064a \u0646\u0642\u062f\u0645\u0647\u0627 \u0644\u0645\u0648\u0638\u0641\u064a\u0646\u0627. \u0628\u0647\u0630\u0647 \u0627\u0644\u0642\u064a\u0645\u0629 \u060c \u0641\u0625\u0646 \u0627\u0646\u062a\u0645\u0627\u0621 \u0645\u0648\u0638\u0641\u064a\u0646\u0627 \u062a\u062c\u0627\u0647 \u0634\u0631\u0643\u062a\u0646\u0627 \u062f\u0641\u0639\u062a\u0646\u0627 \u062f\u0627\u0626\u0645\u064b\u0627 \u0625\u0644\u0649 \u0627\u0644\u0646\u062c\u0627\u062d.<\/p>\n<\/div><\/div><style type=\"text\/css\">.fusion-body .fusion-builder-nested-column-0{width:100% !important;margin-top : 0px;margin-bottom : 20px;}.fusion-builder-nested-column-0 > .fusion-column-wrapper {padding-top : 0px !important;padding-right : 0px !important;margin-right : 1.92%;padding-bottom : 0px !important;padding-left : 40px !important;margin-left : 1.92%;}@media only screen and (max-width:1200px) {.fusion-body .fusion-builder-nested-column-0{width:100% !important;}.fusion-builder-nested-column-0 > .fusion-column-wrapper {margin-right : 1.92%;margin-left : 1.92%;}}@media only screen and (max-width:640px) {.fusion-body .fusion-builder-nested-column-0{width:100% !important;}.fusion-builder-nested-column-0 > .fusion-column-wrapper {margin-right : 1.92%;margin-left : 1.92%;}}<\/style><\/div><\/div><\/div><style type=\"text\/css\">.fusion-body .fusion-builder-column-1{width:50% !important;margin-top : 0px;margin-bottom : 0px;}.fusion-builder-column-1 > .fusion-column-wrapper {padding-top : 0px !important;padding-right : 0px !important;margin-right : 3.84%;padding-bottom : 0px !important;padding-left : 0px !important;margin-left : 0%;}@media only screen and (max-width:1200px) {.fusion-body .fusion-builder-column-1{width:100% !important;}.fusion-builder-column-1 > .fusion-column-wrapper {margin-right : 1.92%;margin-left : 1.92%;}}@media only screen and (max-width:640px) {.fusion-body .fusion-builder-column-1{width:100% !important;}.fusion-builder-column-1 > .fusion-column-wrapper {margin-right : 1.92%;margin-left : 1.92%;}}<\/style><\/div><div class=\"fusion-layout-column fusion_builder_column fusion-builder-column-2 fusion_builder_column_1_2 1_2 fusion-flex-column\"><div class=\"fusion-column-wrapper fusion-flex-justify-content-flex-start fusion-content-layout-column\" style=\"background-position:left top;background-repeat:no-repeat;-webkit-background-size:cover;-moz-background-size:cover;-o-background-size:cover;background-size:cover;padding: 0px 0px 0px 0px;\"><div class=\"fusion-text fusion-text-2\"><p>\u201c\u0130MC\u201d Ad\u0131m\u0131zdan ald\u0131\u011f\u0131m\u0131z g\u00fc\u00e7le, \u0130MeCe yard\u0131mla\u015fma gelene\u011fimizi s\u00fcrd\u00fcr\u00fcyor, Yapt\u0131\u011f\u0131m\u0131z \u00e7al\u0131\u015fmalarla ekonomiye de\u011fer katmaya, insana verdi\u011fimiz de\u011ferle; insan sa\u011fl\u0131\u011f\u0131na ve i\u015f g\u00fcvenli\u011fine \u00f6nem vererek \u00e7evreye duyarl\u0131 kaliteli \u00fcretim anlay\u0131\u015f\u0131m\u0131z\u0131 s\u00fcrd\u00fcrmeye devam ediyor, t\u00fcm alanlarda i\u015fimizde en iyisi olmay\u0131 \u00e7abalayarak d\u00fcnya markas\u0131 olmay\u0131 hedefliyoruz. Bizim b\u00fcy\u00fcklerimizden \u00f6\u011frendi\u011fimiz ve bizi bug\u00fcnlere getiren en \u00f6nemli de\u011ferin \u00a0al\u00e7akg\u00f6n\u00fcll\u00fck oldu\u011fu unutmuyoruz. Bilindi\u011fi \u00fczere;<\/p>\n<p>\"\u062a\u0648\u0627\u0636\u0639 \u0627\u0644\u0623\u0646\u0633\u0627\u0646 \u064a\u0631\u0641\u0639 \u0645\u0646 \u0634\u0623\u0646\u0647\"<\/p>\n<p>\"\u0644\u0627 \u062c\u062f\u0648\u0649 \u0645\u0646 \u0627\u0644\u062d\u0643\u0645 \u0628\u062f\u0648\u0646 \u0639\u062f\u0627\u0644\u0629 \u060c \u0648\u0627\u0644\u0627\u0632\u062f\u0647\u0627\u0631 \u062f\u0648\u0646 \u0643\u0631\u0645 \u060c \u0648\u0627\u0644\u0642\u064a\u0627\u0645 \u0628\u062f\u0648\u0646 \u062a\u0648\u0627\u0636\u0639.\"<\/p>\n<p>\u0625\u0646 \u0623\u0639\u0638\u0645 \u062a\u0631\u0627\u062b\u0646\u0627 \u0648\u0643\u0646\u0632\u0646\u0627 \u0647\u0648 \u0634\u0628\u0627\u0628\u0646\u0627 \u060c \u0648\u0646\u0635\u064a\u062d\u062a\u0646\u0627 \u0644\u0644\u0634\u0628\u0627\u0628 \u0647\u064a \u062a\u0648\u0641\u064a\u0631 \u0627\u0644\u0645\u0627\u0644 \u0648\u062a\u0634\u0643\u064a\u0644 \u0627\u0644\u0645\u0633\u062a\u0642\u0628\u0644 \u0643\u0623\u0641\u0631\u0627\u062f \u064a\u0639\u0648\u062f\u0648\u0646 \u0628\u0627\u0644\u0641\u0627\u0626\u062f\u0629 \u0639\u0644\u0649 \u0627\u0644\u0625\u0646\u0633\u0627\u0646\u064a\u0629 \u0648\u0627\u0644\u0645\u062c\u062a\u0645\u0639 \u0645\u0646 \u062e\u0644\u0627\u0644 \u0645\u0639\u0631\u0641\u0629 \u0642\u064a\u0645\u0629 \u0645\u0627 \u0644\u062f\u064a\u0647\u0645.<\/p>\n<\/div><\/div><style type=\"text\/css\">.fusion-body .fusion-builder-column-2{width:50% !important;margin-top : 0px;margin-bottom : 20px;}.fusion-builder-column-2 > .fusion-column-wrapper {padding-top : 0px !important;padding-right : 0px !important;margin-right : 3.84%;padding-bottom : 0px !important;padding-left : 0px !important;margin-left : 3.84%;}@media only screen and (max-width:1200px) {.fusion-body .fusion-builder-column-2{width:100% !important;order : 0;}.fusion-builder-column-2 > .fusion-column-wrapper {margin-right : 1.92%;margin-left : 1.92%;}}@media only screen and (max-width:640px) {.fusion-body .fusion-builder-column-2{width:100% !important;order : 0;}.fusion-builder-column-2 > .fusion-column-wrapper {margin-right : 1.92%;margin-left : 1.92%;}}<\/style><\/div><div class=\"fusion-layout-column fusion_builder_column fusion-builder-column-3 fusion_builder_column_1_2 1_2 fusion-flex-column\"><div class=\"fusion-column-wrapper fusion-flex-justify-content-flex-start fusion-content-layout-column\" style=\"background-position:left top;background-repeat:no-repeat;-webkit-background-size:cover;-moz-background-size:cover;-o-background-size:cover;background-size:cover;padding: 0px 0px 0px 0px;\"><div ><style>.imageframe-liftup.imageframe-2:before{border-radius:8px;}<\/style><div class=\"awb-image-frame awb-image-frame-2 imageframe-liftup imageframe-2\"><span class=\"fusion-imageframe imageframe-none imageframe-2 fusion-animated\" style=\"border-radius:8px;\" data-animationtype=\"fadeInLeft\" data-animationduration=\"1.0\" data-animationoffset=\"top-into-view\"><img decoding=\"async\" width=\"1200\" height=\"675\" title=\"DCIM100MEDIADJI_0023.JPG\" src=\"https:\/\/imc.com.tr\/wp-content\/uploads\/2022\/10\/imc-galvaniz.jpg\" data-orig-src=\"https:\/\/imc.com.tr\/wp-content\/uploads\/2022\/10\/imc-galvaniz.jpg\" alt class=\"lazyload img-responsive wp-image-6241\" srcset=\"data:image\/svg+xml,%3Csvg%20xmlns%3D%27http%3A%2F%2Fwww.w3.org%2F2000%2Fsvg%27%20width%3D%271200%27%20height%3D%27675%27%20viewBox%3D%270%200%201200%20675%27%3E%3Crect%20width%3D%271200%27%20height%3D%27675%27%20fill-opacity%3D%220%22%2F%3E%3C%2Fsvg%3E\" data-srcset=\"https:\/\/imc.com.tr\/wp-content\/uploads\/2022\/10\/imc-galvaniz-200x113.jpg 200w, https:\/\/imc.com.tr\/wp-content\/uploads\/2022\/10\/imc-galvaniz-400x225.jpg 400w, https:\/\/imc.com.tr\/wp-content\/uploads\/2022\/10\/imc-galvaniz-600x338.jpg 600w, https:\/\/imc.com.tr\/wp-content\/uploads\/2022\/10\/imc-galvaniz-800x450.jpg 800w, https:\/\/imc.com.tr\/wp-content\/uploads\/2022\/10\/imc-galvaniz.jpg 1200w\" data-sizes=\"auto\" data-orig-sizes=\"(max-width: 1200px) 100vw, (max-width: 640px) 100vw, 600px\" \/><\/span><\/div><\/div><\/div><style type=\"text\/css\">.fusion-body .fusion-builder-column-3{width:50% !important;margin-top : 0px;margin-bottom : 0px;}.fusion-builder-column-3 > .fusion-column-wrapper {padding-top : 0px !important;padding-right : 0px !important;margin-right : 0%;padding-bottom : 0px !important;padding-left : 0px !important;margin-left : 3.84%;}@media only screen and (max-width:1200px) {.fusion-body .fusion-builder-column-3{width:100% !important;}.fusion-builder-column-3 > .fusion-column-wrapper {margin-right : 1.92%;margin-left : 1.92%;}}@media only screen and (max-width:640px) {.fusion-body .fusion-builder-column-3{width:100% !important;}.fusion-builder-column-3 > .fusion-column-wrapper {margin-right : 1.92%;margin-left : 1.92%;}}<\/style><\/div><\/div><style type=\"text\/css\">.fusion-body .fusion-flex-container.fusion-builder-row-1{ padding-top : 1%;margin-top : 0px;padding-right : 0px;padding-bottom : 0px;margin-bottom : 0px;padding-left : 0px;}<\/style><\/div>","protected":false},"excerpt":{"rendered":"","protected":false},"author":2,"featured_media":0,"parent":0,"menu_order":0,"comment_status":"closed","ping_status":"closed","template":"100-width.php","meta":{"footnotes":""},"class_list":["post-5908","page","type-page","status-publish","hentry"],"_links":{"self":[{"href":"https:\/\/imc.com.tr\/ar\/wp-json\/wp\/v2\/pages\/5908","targetHints":{"allow":["GET"]}}],"collection":[{"href":"https:\/\/imc.com.tr\/ar\/wp-json\/wp\/v2\/pages"}],"about":[{"href":"https:\/\/imc.com.tr\/ar\/wp-json\/wp\/v2\/types\/page"}],"author":[{"embeddable":true,"href":"https:\/\/imc.com.tr\/ar\/wp-json\/wp\/v2\/users\/2"}],"replies":[{"embeddable":true,"href":"https:\/\/imc.com.tr\/ar\/wp-json\/wp\/v2\/comments?post=5908"}],"version-history":[{"count":13,"href":"https:\/\/imc.com.tr\/ar\/wp-json\/wp\/v2\/pages\/5908\/revisions"}],"predecessor-version":[{"id":6440,"href":"https:\/\/imc.com.tr\/ar\/wp-json\/wp\/v2\/pages\/5908\/revisions\/6440"}],"wp:attachment":[{"href":"https:\/\/imc.com.tr\/ar\/wp-json\/wp\/v2\/media?parent=5908"}],"curies":[{"name":"wp","href":"https:\/\/api.w.org\/{rel}","templated":true}]}}