{"id":5616,"date":"2022-10-04T13:51:07","date_gmt":"2022-10-04T10:51:07","guid":{"rendered":"https:\/\/imc.com.tr\/?page_id=5616"},"modified":"2022-11-10T17:36:11","modified_gmt":"2022-11-10T14:36:11","slug":"entegre-yonetim-sistemi","status":"publish","type":"page","link":"https:\/\/imc.com.tr\/en\/entegre-yonetim-sistemi\/","title":{"rendered":"Integrated Management System"},"content":{"rendered":"<p><div class=\"fusion-fullwidth fullwidth-box fusion-builder-row-1 fusion-flex-container has-pattern-background has-mask-background nonhundred-percent-fullwidth non-hundred-percent-height-scrolling\" style=\"background-color: rgba(255,255,255,0);background-position: center center;background-repeat: no-repeat;border-width: 0px 0px 0px 0px;border-color:var(--awb-color2);border-style:solid;\" ><div class=\"fusion-builder-row fusion-row fusion-flex-align-items-flex-start\" style=\"max-width:1216.8px;margin-left: calc(-4% \/ 2 );margin-right: calc(-4% \/ 2 );\"><div class=\"fusion-layout-column fusion_builder_column fusion-builder-column-0 fusion_builder_column_1_1 1_1 fusion-flex-column\"><div class=\"fusion-column-wrapper fusion-flex-justify-content-flex-start fusion-content-layout-column\" style=\"background-position:left top;background-repeat:no-repeat;-webkit-background-size:cover;-moz-background-size:cover;-o-background-size:cover;background-size:cover;padding: 0px 0px 0px 0px;\"><div class=\"fusion-tabs fusion-tabs-1 classic vertical-tabs icon-position-left mobile-mode-accordion\"><style type=\"text\/css\">.fusion-tabs.fusion-tabs-1 .nav-tabs li a.tab-link{border-top-color:var(--awb-color2);background-color:var(--awb-color2);}.fusion-tabs.fusion-tabs-1 .nav-tabs{background-color:var(--awb-color1);}.fusion-tabs.fusion-tabs-1 .nav-tabs li.active a.tab-link,.fusion-tabs.fusion-tabs-1 .nav-tabs li.active a.tab-link:hover,.fusion-tabs.fusion-tabs-1 .nav-tabs li.active a.tab-link:focus{border-right-color:var(--awb-color1);}.fusion-tabs.fusion-tabs-1.classic .nav-tabs > li.active .tab-link, .fusion-tabs.fusion-tabs-1.classic .nav-tabs > li.active .tab-link:hover { border-color: var(--awb-color5);}.fusion-tabs.fusion-tabs-1 .nav-tabs li.active a.tab-link,.fusion-tabs.fusion-tabs-1 .nav-tabs li.active a.tab-link:hover,.fusion-tabs.fusion-tabs-1 .nav-tabs li.active a.tab-link:focus{background-color:var(--awb-color1);}.fusion-tabs.fusion-tabs-1 .nav-tabs li a:hover{background-color:var(--awb-color1);border-top-color:var(--awb-color1);}.fusion-tabs.fusion-tabs-1 .tab-pane{background-color:var(--awb-color1);}.fusion-tabs.fusion-tabs-1 .nav,.fusion-tabs.fusion-tabs-1 .nav-tabs,.fusion-tabs.fusion-tabs-1 .tab-content .tab-pane{border-color:var(--awb-color3);}.fusion-tabs.fusion-tabs-1 .nav-tabs li .fusion-tab-heading {font-size: 14px !important;}<\/style><div class=\"nav\"><ul class=\"nav-tabs\" role=\"tablist\"><li class=\"active\" role=\"presentation\"><a class=\"tab-link\" data-toggle=\"tab\" role=\"tab\" aria-controls=\"tab-18fe9a2ad24d68e2515\" aria-selected=\"true\" id=\"fusion-tab-kalitepolitikas\u0131\" href=\"#tab-18fe9a2ad24d68e2515\"><h5 class=\"fusion-tab-heading\"><i class=\"fontawesome-icon fa-dice-d20 fas\" aria-hidden=\"true\" style=\"font-size:24px; --icon-color:var(--awb-color4);--icon-active-color:var(--awb-color5);\"><\/i>Quality Policy<\/h5><\/a><\/li><li role=\"presentation\"><a class=\"tab-link\" data-toggle=\"tab\" role=\"tab\" aria-controls=\"tab-70982354b91fe8d2a65\" aria-selected=\"false\" tabindex=\"-1\" id=\"fusion-tab-\u00c7evrepolitikas\u0131\" href=\"#tab-70982354b91fe8d2a65\"><h5 class=\"fusion-tab-heading\"><i class=\"fontawesome-icon fa-globe-europe fas\" aria-hidden=\"true\" style=\"font-size:24px; --icon-color:var(--awb-color4);--icon-active-color:var(--awb-color5);\"><\/i>Environmental Policy<\/h5><\/a><\/li><li role=\"presentation\"><a class=\"tab-link\" data-toggle=\"tab\" role=\"tab\" aria-controls=\"tab-3b74eef92e158d83fd0\" aria-selected=\"false\" tabindex=\"-1\" id=\"fusion-tab-enerjipolitikas\u0131\" href=\"#tab-3b74eef92e158d83fd0\"><h5 class=\"fusion-tab-heading\"><i class=\"fontawesome-icon fa-seedling fas\" aria-hidden=\"true\" style=\"font-size:24px; --icon-color:var(--awb-color4);--icon-active-color:var(--awb-color5);\"><\/i>Energy Policy<\/h5><\/a><\/li><li role=\"presentation\"><a class=\"tab-link\" data-toggle=\"tab\" role=\"tab\" aria-controls=\"tab-2cbddc9db0b1f439cb9\" aria-selected=\"false\" tabindex=\"-1\" id=\"fusion-tab-\u0130\u015fsa\u011fl\u0131\u011f\u0131veg\u00fcvenli\u011fipolitikas\u0131\" href=\"#tab-2cbddc9db0b1f439cb9\"><h5 class=\"fusion-tab-heading\"><i class=\"fontawesome-icon fa-hand-holding-heart fas\" aria-hidden=\"true\" style=\"font-size:24px; --icon-color:var(--awb-color4);--icon-active-color:var(--awb-color5);\"><\/i>Occupational Health and Safety Policy<\/h5><\/a><\/li><\/ul><\/div><div class=\"tab-content\"><div class=\"nav fusion-mobile-tab-nav\"><ul class=\"nav-tabs\" role=\"tablist\"><li class=\"active\" role=\"presentation\"><a class=\"tab-link\" data-toggle=\"tab\" role=\"tab\" aria-controls=\"tab-18fe9a2ad24d68e2515\" aria-selected=\"true\" id=\"mobile-fusion-tab-kalitepolitikas\u0131\" href=\"#tab-18fe9a2ad24d68e2515\"><h5 class=\"fusion-tab-heading\"><i class=\"fontawesome-icon fa-dice-d20 fas\" aria-hidden=\"true\" style=\"font-size:24px; --icon-color:var(--awb-color4);--icon-active-color:var(--awb-color5);\"><\/i>Quality Policy<\/h5><\/a><\/li><\/ul><\/div><div class=\"tab-pane fade fusion-clearfix in active\" role=\"tabpanel\" tabindex=\"0\" aria-labelledby=\"fusion-tab-kalitepolitikas\u0131\" id=\"tab-18fe9a2ad24d68e2515\">\n<ul>\n<li>IMC Galvanised Wire Aan. A.\u015e. to perform the activities carried out with the participation and effort of all our employees carefully, disciplined, planned, error-free and on time,<\/li>\n<li>o comply with the requirements of the quality management system by taking into account environmental factors and occupational safety rules and to ensure continuous improvement,<\/li>\n<li>To be the leading company in the wire and nail manufacturing sector by keeping our quality standards at the highest values and fulfilling the legal requirements,<\/li>\n<li>It is the most important duty of all of us to reach total quality in the most economical, fastest and shortest way and to gain and maintain the trust of our customers by ensuring their satisfaction.<\/li>\n<\/ul>\n<\/div><div class=\"nav fusion-mobile-tab-nav\"><ul class=\"nav-tabs\" role=\"tablist\"><li role=\"presentation\"><a class=\"tab-link\" data-toggle=\"tab\" role=\"tab\" aria-controls=\"tab-70982354b91fe8d2a65\" aria-selected=\"false\" tabindex=\"-1\" id=\"mobile-fusion-tab-\u00c7evrepolitikas\u0131\" href=\"#tab-70982354b91fe8d2a65\"><h5 class=\"fusion-tab-heading\"><i class=\"fontawesome-icon fa-globe-europe fas\" aria-hidden=\"true\" style=\"font-size:24px; --icon-color:var(--awb-color4);--icon-active-color:var(--awb-color5);\"><\/i>Environmental Policy<\/h5><\/a><\/li><\/ul><\/div><div class=\"tab-pane fade fusion-clearfix\" role=\"tabpanel\" tabindex=\"0\" aria-labelledby=\"fusion-tab-\u00c7evrepolitikas\u0131\" id=\"tab-70982354b91fe8d2a65\">\n<ul>\n<li>To ensure the protection of the environment and the efficient and sustainable use of natural resources in all our activities as IMC galvanised wire san.tic.a.\u015f.<\/li>\n<li>To take necessary measures regarding environmental pollution, to implement the management system for the protection of air, water and soil quality in line with legal requirements.<\/li>\n<li>In line with the zero waste management system in waste management, to prevent waste at the source, to manage recyclable, hazardous waste and other wastes in the best way, to ensure proper collection and disposal of waste.<\/li>\n<li>To comply with environmental standards, national and international laws, regulations and directives.<\/li>\n<li>Our environmental policy is to continuously improve our environmental management system with the participation of all employees, to improve system performance and to achieve environmental targets.<\/li>\n<\/ul>\n<\/div><div class=\"nav fusion-mobile-tab-nav\"><ul class=\"nav-tabs\" role=\"tablist\"><li role=\"presentation\"><a class=\"tab-link\" data-toggle=\"tab\" role=\"tab\" aria-controls=\"tab-3b74eef92e158d83fd0\" aria-selected=\"false\" tabindex=\"-1\" id=\"mobile-fusion-tab-enerjipolitikas\u0131\" href=\"#tab-3b74eef92e158d83fd0\"><h5 class=\"fusion-tab-heading\"><i class=\"fontawesome-icon fa-seedling fas\" aria-hidden=\"true\" style=\"font-size:24px; --icon-color:var(--awb-color4);--icon-active-color:var(--awb-color5);\"><\/i>Energy Policy<\/h5><\/a><\/li><\/ul><\/div><div class=\"tab-pane fade fusion-clearfix\" role=\"tabpanel\" tabindex=\"0\" aria-labelledby=\"fusion-tab-enerjipolitikas\u0131\" id=\"tab-3b74eef92e158d83fd0\">\n<ul>\n<li>IMC Galvanised Wire San. Tic. A.\u015e. within the framework of the is0 50001 energy management system it is implementing;<\/li>\n<li>To use energy efficiently in all our production and processes, to purchase appropriate products and services to improve energy performance and to support designs to improve energy performance,<\/li>\n<li>To specify the activities and equipment that have a significant impact on energy use and to take the necessary measures,<\/li>\n<li>To comply with the legal requirements related to energy, to fulfil the requirements of national and international legislation and standards,<\/li>\n<li>Ensuring adequate supply of energy, setting targets to mitigate energy risks and reviewing the realisation of these targets,<\/li>\n<li>To continuously improve the performance and effectiveness of the energy management system and to make it environmentally and economically sustainable,<\/li>\n<li>It undertakes to carry out all necessary work to be an exemplary organisation by managing our activities in an integrated manner with our management systems in order to increase the awareness of employees and society on natural resource consumption and energy efficiency.<\/li>\n<\/ul>\n<\/div><div class=\"nav fusion-mobile-tab-nav\"><ul class=\"nav-tabs\" role=\"tablist\"><li role=\"presentation\"><a class=\"tab-link\" data-toggle=\"tab\" role=\"tab\" aria-controls=\"tab-2cbddc9db0b1f439cb9\" aria-selected=\"false\" tabindex=\"-1\" id=\"mobile-fusion-tab-\u0130\u015fsa\u011fl\u0131\u011f\u0131veg\u00fcvenli\u011fipolitikas\u0131\" href=\"#tab-2cbddc9db0b1f439cb9\"><h5 class=\"fusion-tab-heading\"><i class=\"fontawesome-icon fa-hand-holding-heart fas\" aria-hidden=\"true\" style=\"font-size:24px; --icon-color:var(--awb-color4);--icon-active-color:var(--awb-color5);\"><\/i>Occupational Health and Safety Policy<\/h5><\/a><\/li><\/ul><\/div><div class=\"tab-pane fade fusion-clearfix\" role=\"tabpanel\" tabindex=\"0\" aria-labelledby=\"fusion-tab-\u0130\u015fsa\u011fl\u0131\u011f\u0131veg\u00fcvenli\u011fipolitikas\u0131\" id=\"tab-2cbddc9db0b1f439cb9\">\n<ul>\n<li>IMC Galvanised Wire San. Tic. A.\u015e., to take necessary precautions against possible risks and dangers in our business by raising awareness of our employees in all our activities and to try to prevent occupational accidents and occupational diseases,<\/li>\n<li>To create healthy and safe working environments for our employees by performing all activities related to occupational safety in the best way,<\/li>\n<li>to comply with occupational safety standards, national and international laws, regulations and directives<\/li>\n<li>Our occupational health and safety policy is to continuously improve our occupational health and safety management system with the participation of all employees, to improve system performance and to achieve occupational health and safety targets.<\/li>\n<\/ul>\n<\/div><\/div><\/div><\/div><style type=\"text\/css\">.fusion-body .fusion-builder-column-0{width:100% !important;margin-top : 0px;margin-bottom : 20px;}.fusion-builder-column-0 > .fusion-column-wrapper {padding-top : 0px !important;padding-right : 0px !important;margin-right : 1.92%;padding-bottom : 0px !important;padding-left : 0px !important;margin-left : 1.92%;}@media only screen and (max-width:1200px) {.fusion-body .fusion-builder-column-0{width:100% !important;order : 0;}.fusion-builder-column-0 > .fusion-column-wrapper {margin-right : 1.92%;margin-left : 1.92%;}}@media only screen and (max-width:640px) {.fusion-body .fusion-builder-column-0{width:100% !important;order : 0;}.fusion-builder-column-0 > .fusion-column-wrapper {margin-right : 1.92%;margin-left : 1.92%;}}<\/style><\/div><\/div><style type=\"text\/css\">.fusion-body .fusion-flex-container.fusion-builder-row-1{ padding-top : 2%;margin-top : 0px;padding-right : 0px;padding-bottom : 2%;margin-bottom : 0px;padding-left : 0px;}<\/style><\/div><div class=\"fusion-fullwidth fullwidth-box fusion-builder-row-2 fusion-flex-container has-pattern-background has-mask-background nonhundred-percent-fullwidth non-hundred-percent-height-scrolling\" style=\"background-color: var(--awb-color8);background-position: center center;background-repeat: no-repeat;border-width: 0px 0px 0px 0px;border-color:var(--awb-color2);border-style:solid;\" ><div class=\"awb-background-mask\" style=\"background-image:  url(data:image\/svg+xml;utf8,%3Csvg%20width%3D%221920%22%20height%3D%22954%22%20fill%3D%22none%22%20xmlns%3D%22http%3A%2F%2Fwww.w3.org%2F2000%2Fsvg%22%3E%3Cg%20clip-path%3D%22url%28%23prefix__clip0_58_35%29%22%3E%3Cpath%20fill-rule%3D%22evenodd%22%20clip-rule%3D%22evenodd%22%20d%3D%22M1773.6-19.976l-600.95%20600.789c-117.27%20117.239-307.318%20117.317-424.491.174-117.172-117.142-117.094-307.145.175-424.383l600.946-600.79%20424.32%20424.21zM1212.47%201397.93l600.95-600.785c117.26-117.238%20117.34-307.241.17-424.384-117.17-117.142-307.22-117.064-424.49.174l-.16.153-600.787%20600.637%20424.317%20424.205z%22%20fill%3D%22rgba%2861%2C67%2C109%2C1%29%22%2F%3E%3C%2Fg%3E%3Cdefs%3E%3CclipPath%20id%3D%22prefix__clip0_58_35%22%3E%3Cpath%20fill%3D%22%23fff%22%20d%3D%22M0%200h1920v954H0z%22%2F%3E%3C%2FclipPath%3E%3C%2Fdefs%3E%3C%2Fsvg%3E);opacity: 0.3 ;transform: scale(-1, 1);mix-blend-mode:normal;\"><\/div><div class=\"fusion-builder-row fusion-row fusion-flex-align-items-flex-start\" style=\"max-width:1216.8px;margin-left: calc(-4% \/ 2 );margin-right: calc(-4% \/ 2 );\"><div class=\"fusion-layout-column fusion_builder_column fusion-builder-column-1 fusion_builder_column_1_2 1_2 fusion-flex-column\"><div class=\"fusion-column-wrapper fusion-flex-justify-content-flex-start fusion-content-layout-column\" style=\"background-position:left top;background-repeat:no-repeat;-webkit-background-size:cover;-moz-background-size:cover;-o-background-size:cover;background-size:cover;padding: 0px 0px 0px 0px;\"><style type=\"text\/css\">@media only screen and (max-width:1200px) {.fusion-title.fusion-title-1{margin-top:10px!important; margin-right:0px!important;margin-bottom:20px!important;margin-left:0px!important;}}@media only screen and (max-width:640px) {.fusion-title.fusion-title-1{margin-top:10px!important; margin-right:0px!important;margin-bottom:10px!important; margin-left:0px!important;}}<\/style><div class=\"fusion-title title fusion-title-1 fusion-sep-none fusion-title-text fusion-title-size-two\" style=\"font-size:42px;margin-top:10px;margin-right:0px;margin-bottom:20px;margin-left:0px;\"><h2 class=\"title-heading-left fusion-responsive-typography-calculated\" style=\"font-family:&quot;Rajdhani&quot;;font-weight:600;margin:0;font-size:1em;letter-spacing:-0.015em;text-transform:var(--awb-typography1-text-transform);color:#ffffff;--fontSize:42;line-height:1.2;\">Wide Product Range<\/h2><\/div><div class=\"fusion-text fusion-text-1 fusion-text-no-margin\" style=\"font-size:17px;line-height:1.8;letter-spacing:-0.015em;text-transform:var(--awb-typography4-text-transform);color:rgba(255,255,255,0.7);font-family:&quot;Mulish&quot;;font-weight:400;margin-bottom:0px;\"><p>Our company continues to serve domestic and foreign markets by continuously expanding its product range according to international standards, uncompromising quality production, and a reliable management approach.<br \/>\nIMC GALVANISED WIRE SAN. TIC. A.S., in addition to the products it supplies to the domestic market, contributes to the country's economy by exporting to many African countries and Europe, especially the Middle East, and continues its continuous development.<\/p>\n<\/div><div class=\"fusion-builder-row fusion-builder-row-inner fusion-row fusion-flex-align-items-flex-start\" style=\"width:104% !important;max-width:104% !important;margin-left: calc(-4% \/ 2 );margin-right: calc(-4% \/ 2 );\"><div class=\"fusion-layout-column fusion_builder_column_inner fusion-builder-nested-column-0 fusion_builder_column_inner_1_2 1_2 fusion-flex-column\"><div class=\"fusion-column-wrapper fusion-flex-justify-content-flex-start fusion-content-layout-column\" style=\"background-position:left top;background-repeat:no-repeat;-webkit-background-size:cover;-moz-background-size:cover;-o-background-size:cover;background-size:cover;padding: 0px 0px 0px 0px;\"><style type=\"text\/css\">@media only screen and (max-width:1200px) {.fusion-title.fusion-title-2{margin-top:10px!important; margin-right:0px!important;margin-bottom:15px!important;margin-left:0px!important;}}@media only screen and (max-width:640px) {.fusion-title.fusion-title-2{margin-top:10px!important; margin-right:0px!important;margin-bottom:10px!important; margin-left:0px!important;}}<\/style><div class=\"fusion-title title fusion-title-2 fusion-sep-none fusion-title-text fusion-title-size-three\" style=\"font-size:22px;margin-top:10px;margin-right:0px;margin-bottom:15px;margin-left:0px;\"><h3 class=\"title-heading-left fusion-responsive-typography-calculated\" style=\"font-family:&quot;Rajdhani&quot;;font-weight:500;margin:0;font-size:1em;color:var(--awb-color1);--fontSize:22;line-height:1.3;\">View our Product Catalogue<\/h3><\/div><\/div><style type=\"text\/css\">.fusion-body .fusion-builder-nested-column-0{width:50% !important;margin-top : 0px;margin-bottom : 20px;}.fusion-builder-nested-column-0 > .fusion-column-wrapper {padding-top : 0px !important;padding-right : 0px !important;margin-right : 3.84%;padding-bottom : 0px !important;padding-left : 0px !important;margin-left : 3.84%;}@media only screen and (max-width:1200px) {.fusion-body .fusion-builder-nested-column-0{width:100% !important;order : 0;}.fusion-builder-nested-column-0 > .fusion-column-wrapper {margin-right : 1.92%;margin-left : 1.92%;}}@media only screen and (max-width:640px) {.fusion-body .fusion-builder-nested-column-0{width:100% !important;order : 0;}.fusion-builder-nested-column-0 > .fusion-column-wrapper {margin-right : 1.92%;margin-left : 1.92%;}}<\/style><\/div><div class=\"fusion-layout-column fusion_builder_column_inner fusion-builder-nested-column-1 fusion_builder_column_inner_1_2 1_2 fusion-flex-column\"><div class=\"fusion-column-wrapper fusion-flex-justify-content-flex-start fusion-content-layout-column\" style=\"background-position:left top;background-repeat:no-repeat;-webkit-background-size:cover;-moz-background-size:cover;-o-background-size:cover;background-size:cover;padding: 0px 0px 0px 0px;\"><div style=\"text-align:center;\"><style>.fusion-body .fusion-button.button-1 .fusion-button-text,.fusion-body .fusion-button.button-1 i{color:var(--awb-color6);}.fusion-body .fusion-button.button-1{border-color:var(--awb-color6);border-radius:4px 4px 4px 4px;background:var(--awb-color1);}.fusion-body .fusion-button.button-1:hover .fusion-button-text,.fusion-body .fusion-button.button-1:hover i,.fusion-body .fusion-button.button-1:focus .fusion-button-text,.fusion-body .fusion-button.button-1:focus i,.fusion-body .fusion-button.button-1:active .fusion-button-text,.fusion-body .fusion-button.button-1:active i{color:var(--awb-color1);}.fusion-body .fusion-button.button-1:hover,.fusion-body .fusion-button.button-1:active,.fusion-body .fusion-button.button-1:focus{border-color:var(--awb-color6);background:var(--awb-color6);}<\/style><a class=\"fusion-button button-flat fusion-button-default-size button-custom button-1 fusion-button-default-span fusion-button-default-type\" target=\"_self\" href=\"#\"><span class=\"fusion-button-text\">Product Catalogue<\/span><\/a><\/div><\/div><style type=\"text\/css\">.fusion-body .fusion-builder-nested-column-1{width:50% !important;margin-top : 0px;margin-bottom : 20px;}.fusion-builder-nested-column-1 > .fusion-column-wrapper {padding-top : 0px !important;padding-right : 0px !important;margin-right : 3.84%;padding-bottom : 0px !important;padding-left : 0px !important;margin-left : 3.84%;}@media only screen and (max-width:1200px) {.fusion-body .fusion-builder-nested-column-1{width:100% !important;order : 0;}.fusion-builder-nested-column-1 > .fusion-column-wrapper {margin-right : 1.92%;margin-left : 1.92%;}}@media only screen and (max-width:640px) {.fusion-body .fusion-builder-nested-column-1{width:100% !important;order : 0;}.fusion-builder-nested-column-1 > .fusion-column-wrapper {margin-right : 1.92%;margin-left : 1.92%;}}<\/style><\/div><\/div><\/div><style type=\"text\/css\">.fusion-body .fusion-builder-column-1{width:50% !important;margin-top : 0px;margin-bottom : 100px;}.fusion-builder-column-1 > .fusion-column-wrapper {padding-top : 0px !important;padding-right : 0px !important;margin-right : 3.84%;padding-bottom : 0px !important;padding-left : 0px !important;margin-left : 3.84%;}@media only screen and (max-width:1200px) {.fusion-body .fusion-builder-column-1{width:100% !important;order : 0;}.fusion-builder-column-1 > .fusion-column-wrapper {margin-right : 1.92%;margin-left : 1.92%;}}@media only screen and (max-width:640px) {.fusion-body .fusion-builder-column-1{width:100% !important;order : 0;}.fusion-builder-column-1 > .fusion-column-wrapper {margin-right : 1.92%;margin-left : 1.92%;}}<\/style><\/div><div class=\"fusion-layout-column fusion_builder_column fusion-builder-column-2 fusion_builder_column_1_2 1_2 fusion-flex-column\"><div class=\"fusion-column-wrapper fusion-flex-justify-content-flex-start fusion-content-layout-column\" style=\"background-position:left top;background-repeat:no-repeat;-webkit-background-size:cover;-moz-background-size:cover;-o-background-size:cover;background-size:cover;padding: 0px 0px 0px 0px;\"><div ><span class=\"fusion-imageframe imageframe-none imageframe-1 hover-type-none\" style=\"border-radius:12px;\"><img decoding=\"async\" width=\"2048\" height=\"1365\" title=\"imc-galvaniz-fabrika\" src=\"https:\/\/imc.com.tr\/wp-content\/uploads\/2022\/10\/imc-galvaniz-fabrika.jpg\" data-orig-src=\"https:\/\/imc.com.tr\/wp-content\/uploads\/2022\/10\/imc-galvaniz-fabrika.jpg\" alt class=\"lazyload img-responsive wp-image-5561\" srcset=\"data:image\/svg+xml,%3Csvg%20xmlns%3D%27http%3A%2F%2Fwww.w3.org%2F2000%2Fsvg%27%20width%3D%272048%27%20height%3D%271365%27%20viewBox%3D%270%200%202048%201365%27%3E%3Crect%20width%3D%272048%27%20height%3D%271365%27%20fill-opacity%3D%220%22%2F%3E%3C%2Fsvg%3E\" data-srcset=\"https:\/\/imc.com.tr\/wp-content\/uploads\/2022\/10\/imc-galvaniz-fabrika-200x133.jpg 200w, https:\/\/imc.com.tr\/wp-content\/uploads\/2022\/10\/imc-galvaniz-fabrika-400x267.jpg 400w, https:\/\/imc.com.tr\/wp-content\/uploads\/2022\/10\/imc-galvaniz-fabrika-600x400.jpg 600w, https:\/\/imc.com.tr\/wp-content\/uploads\/2022\/10\/imc-galvaniz-fabrika-800x533.jpg 800w, https:\/\/imc.com.tr\/wp-content\/uploads\/2022\/10\/imc-galvaniz-fabrika-1200x800.jpg 1200w, https:\/\/imc.com.tr\/wp-content\/uploads\/2022\/10\/imc-galvaniz-fabrika.jpg 2048w\" data-sizes=\"auto\" data-orig-sizes=\"(max-width: 1200px) 100vw, (max-width: 640px) 100vw, 600px\" \/><\/span><style type=\"text\/css\">.imageframe-1{filter: saturate(100%);transition: filter 0.3s ease;}.imageframe-1:hover{filter: saturate(0%);}<\/style><\/div><\/div><style type=\"text\/css\">.fusion-body .fusion-builder-column-2{width:50% !important;margin-top : 0px;margin-bottom : -60px;}.fusion-builder-column-2 > .fusion-column-wrapper {padding-top : 0px !important;padding-right : 0px !important;margin-right : 3.84%;padding-bottom : 0px !important;padding-left : 0px !important;margin-left : 3.84%;}@media only screen and (max-width:1200px) {.fusion-body .fusion-builder-column-2{width:100% !important;order : 0;}.fusion-builder-column-2 > .fusion-column-wrapper {margin-right : 1.92%;margin-left : 1.92%;}}@media only screen and (max-width:640px) {.fusion-body .fusion-builder-column-2{width:100% !important;order : 0;}.fusion-builder-column-2 > .fusion-column-wrapper {margin-right : 1.92%;margin-left : 1.92%;}}<\/style><\/div><\/div><style type=\"text\/css\">.fusion-body .fusion-flex-container.fusion-builder-row-2{ padding-top : 50px;margin-top : 0px;padding-right : 0px;padding-bottom : 0px;margin-bottom : 0px;padding-left : 0px;}<\/style><\/div><\/p>","protected":false},"excerpt":{"rendered":"","protected":false},"author":2,"featured_media":0,"parent":0,"menu_order":0,"comment_status":"closed","ping_status":"closed","template":"100-width.php","meta":{"footnotes":""},"class_list":["post-5616","page","type-page","status-publish","hentry"],"_links":{"self":[{"href":"https:\/\/imc.com.tr\/en\/wp-json\/wp\/v2\/pages\/5616","targetHints":{"allow":["GET"]}}],"collection":[{"href":"https:\/\/imc.com.tr\/en\/wp-json\/wp\/v2\/pages"}],"about":[{"href":"https:\/\/imc.com.tr\/en\/wp-json\/wp\/v2\/types\/page"}],"author":[{"embeddable":true,"href":"https:\/\/imc.com.tr\/en\/wp-json\/wp\/v2\/users\/2"}],"replies":[{"embeddable":true,"href":"https:\/\/imc.com.tr\/en\/wp-json\/wp\/v2\/comments?post=5616"}],"version-history":[{"count":10,"href":"https:\/\/imc.com.tr\/en\/wp-json\/wp\/v2\/pages\/5616\/revisions"}],"predecessor-version":[{"id":6403,"href":"https:\/\/imc.com.tr\/en\/wp-json\/wp\/v2\/pages\/5616\/revisions\/6403"}],"wp:attachment":[{"href":"https:\/\/imc.com.tr\/en\/wp-json\/wp\/v2\/media?parent=5616"}],"curies":[{"name":"wp","href":"https:\/\/api.w.org\/{rel}","templated":true}]}}