{"id":5908,"date":"2022-10-05T19:53:43","date_gmt":"2022-10-05T16:53:43","guid":{"rendered":"https:\/\/imc.com.tr\/?page_id=5908"},"modified":"2022-11-24T13:44:05","modified_gmt":"2022-11-24T10:44:05","slug":"baskanin-mesaji","status":"publish","type":"page","link":"https:\/\/imc.com.tr\/en\/baskanin-mesaji\/","title":{"rendered":"Chairman's Message"},"content":{"rendered":"<div class=\"fusion-fullwidth fullwidth-box fusion-builder-row-1 fusion-flex-container has-pattern-background has-mask-background nonhundred-percent-fullwidth non-hundred-percent-height-scrolling\" style=\"background-color: var(--awb-color1);background-position: center center;background-repeat: no-repeat;border-width: 0px 0px 0px 0px;border-color:var(--awb-color2);border-style:solid;\" ><div class=\"fusion-builder-row fusion-row fusion-flex-align-items-flex-start\" style=\"max-width:1216.8px;margin-left: calc(-4% \/ 2 );margin-right: calc(-4% \/ 2 );\"><div class=\"fusion-layout-column fusion_builder_column fusion-builder-column-0 fusion_builder_column_1_2 1_2 fusion-flex-column\"><div class=\"fusion-column-wrapper fusion-flex-justify-content-flex-start fusion-content-layout-column\" style=\"background-position:left top;background-repeat:no-repeat;-webkit-background-size:cover;-moz-background-size:cover;-o-background-size:cover;background-size:cover;padding: 0px 0px 0px 0px;\"><div ><style>.imageframe-liftup.imageframe-1:before{border-radius:8px;}<\/style><div class=\"awb-image-frame awb-image-frame-1 imageframe-liftup imageframe-1\"><span class=\"fusion-imageframe imageframe-none imageframe-1 fusion-animated\" style=\"border-radius:8px;\" data-animationtype=\"fadeInLeft\" data-animationduration=\"1.0\" data-animationoffset=\"top-into-view\"><img decoding=\"async\" width=\"1200\" height=\"831\" alt=\"imc galvaniz y\u00f6netim kurulu ba\u015fkan\u0131\" title=\"imc-galvaniz-yonetim-kurulu-baskani\" src=\"https:\/\/imc.com.tr\/wp-content\/uploads\/2022\/10\/imc-galvaniz-yonetim-kurulu-baskani.jpg\" data-orig-src=\"https:\/\/imc.com.tr\/wp-content\/uploads\/2022\/10\/imc-galvaniz-yonetim-kurulu-baskani.jpg\" class=\"lazyload img-responsive wp-image-6090\" srcset=\"data:image\/svg+xml,%3Csvg%20xmlns%3D%27http%3A%2F%2Fwww.w3.org%2F2000%2Fsvg%27%20width%3D%271200%27%20height%3D%27831%27%20viewBox%3D%270%200%201200%20831%27%3E%3Crect%20width%3D%271200%27%20height%3D%27831%27%20fill-opacity%3D%220%22%2F%3E%3C%2Fsvg%3E\" data-srcset=\"https:\/\/imc.com.tr\/wp-content\/uploads\/2022\/10\/imc-galvaniz-yonetim-kurulu-baskani-200x139.jpg 200w, https:\/\/imc.com.tr\/wp-content\/uploads\/2022\/10\/imc-galvaniz-yonetim-kurulu-baskani-400x277.jpg 400w, https:\/\/imc.com.tr\/wp-content\/uploads\/2022\/10\/imc-galvaniz-yonetim-kurulu-baskani-600x416.jpg 600w, https:\/\/imc.com.tr\/wp-content\/uploads\/2022\/10\/imc-galvaniz-yonetim-kurulu-baskani-800x554.jpg 800w, https:\/\/imc.com.tr\/wp-content\/uploads\/2022\/10\/imc-galvaniz-yonetim-kurulu-baskani.jpg 1200w\" data-sizes=\"auto\" data-orig-sizes=\"(max-width: 1200px) 100vw, (max-width: 640px) 100vw, 600px\" \/><\/span><\/div><\/div><\/div><style type=\"text\/css\">.fusion-body .fusion-builder-column-0{width:50% !important;margin-top : 0px;margin-bottom : 0px;}.fusion-builder-column-0 > .fusion-column-wrapper {padding-top : 0px !important;padding-right : 0px !important;margin-right : 0%;padding-bottom : 0px !important;padding-left : 0px !important;margin-left : 3.84%;}@media only screen and (max-width:1200px) {.fusion-body .fusion-builder-column-0{width:100% !important;}.fusion-builder-column-0 > .fusion-column-wrapper {margin-right : 1.92%;margin-left : 1.92%;}}@media only screen and (max-width:640px) {.fusion-body .fusion-builder-column-0{width:100% !important;}.fusion-builder-column-0 > .fusion-column-wrapper {margin-right : 1.92%;margin-left : 1.92%;}}<\/style><\/div><div class=\"fusion-layout-column fusion_builder_column fusion-builder-column-1 fusion_builder_column_1_2 1_2 fusion-flex-column fusion-animated\" data-animationtype=\"fadeInRight\" data-animationduration=\"1.0\" data-animationoffset=\"top-into-view\"><div class=\"fusion-column-wrapper fusion-flex-justify-content-flex-start fusion-content-layout-column\" style=\"background-position:left top;background-repeat:no-repeat;-webkit-background-size:cover;-moz-background-size:cover;-o-background-size:cover;background-size:cover;padding: 0px 0px 0px 0px;\"><div class=\"fusion-builder-row fusion-builder-row-inner fusion-row fusion-flex-align-items-flex-start\" style=\"width:104% !important;max-width:104% !important;margin-left: calc(-4% \/ 2 );margin-right: calc(-4% \/ 2 );\"><div class=\"fusion-layout-column fusion_builder_column_inner fusion-builder-nested-column-0 fusion_builder_column_inner_1_1 1_1 fusion-flex-column\"><div class=\"fusion-column-wrapper fusion-flex-justify-content-flex-start fusion-content-layout-column\" style=\"background-position:left top;background-repeat:no-repeat;-webkit-background-size:cover;-moz-background-size:cover;-o-background-size:cover;background-size:cover;padding: 0px 0px 0px 40px;\"><style type=\"text\/css\">@media only screen and (max-width:1200px) {.fusion-title.fusion-title-1{margin-top:0px!important; margin-right:0px!important;margin-bottom:0px!important;margin-left:0px!important;}}@media only screen and (max-width:640px) {.fusion-title.fusion-title-1{margin-top:0px!important; margin-right:0px!important;margin-bottom:0px!important; margin-left:0px!important;}}<\/style><div class=\"fusion-title title fusion-title-1 fusion-sep-none fusion-title-text fusion-title-size-three\" style=\"font-size:var(--awb-typography2-font-size);margin-top:0px;margin-right:0px;margin-bottom:0px;margin-left:0px;\"><h3 class=\"title-heading-left fusion-responsive-typography-calculated\" style=\"font-family:var(--awb-typography2-font-family);font-weight:var(--awb-typography2-font-weight);font-style:var(--awb-typography2-font-style);margin:0;font-size:1em;letter-spacing:var(--awb-typography2-letter-spacing);text-transform:var(--awb-typography2-text-transform);color:var(--awb-color6);--fontSize:35;line-height:var(--awb-typography2-line-height);\">Message from the Chairman of the Board of Directors<\/h3><\/div><div class=\"fusion-separator\" style=\"align-self: flex-start;margin-right:auto;margin-top:30px;margin-bottom:30px;width:100%;max-width:120px;\"><div class=\"fusion-separator-border sep-single\" style=\"border-color:var(--awb-color4);border-top-width:4px;\"><\/div><\/div><div class=\"fusion-text fusion-text-1\"><p>Dear stakeholders and valuable employees,<\/p>\n<p>As IMC family, we aim to produce, work and keep the productivity of our employees at the highest level.  Since our establishment, we maintain our unconditional trust understanding and quality and continue to proudly announce the name of our company by continuously improving our unlimited service understanding that we offer to our customers.<\/p>\n<p>The most important feature that makes us who we are is the continuity of our honest and reliable business ethics and the value we give to our employees with the strength of our deep-rooted past. With this value, the belonging of our employees to our company has always carried us to success.<\/p>\n<\/div><\/div><style type=\"text\/css\">.fusion-body .fusion-builder-nested-column-0{width:100% !important;margin-top : 0px;margin-bottom : 20px;}.fusion-builder-nested-column-0 > .fusion-column-wrapper {padding-top : 0px !important;padding-right : 0px !important;margin-right : 1.92%;padding-bottom : 0px !important;padding-left : 40px !important;margin-left : 1.92%;}@media only screen and (max-width:1200px) {.fusion-body .fusion-builder-nested-column-0{width:100% !important;}.fusion-builder-nested-column-0 > .fusion-column-wrapper {margin-right : 1.92%;margin-left : 1.92%;}}@media only screen and (max-width:640px) {.fusion-body .fusion-builder-nested-column-0{width:100% !important;}.fusion-builder-nested-column-0 > .fusion-column-wrapper {margin-right : 1.92%;margin-left : 1.92%;}}<\/style><\/div><\/div><\/div><style type=\"text\/css\">.fusion-body .fusion-builder-column-1{width:50% !important;margin-top : 0px;margin-bottom : 0px;}.fusion-builder-column-1 > .fusion-column-wrapper {padding-top : 0px !important;padding-right : 0px !important;margin-right : 3.84%;padding-bottom : 0px !important;padding-left : 0px !important;margin-left : 0%;}@media only screen and (max-width:1200px) {.fusion-body .fusion-builder-column-1{width:100% !important;}.fusion-builder-column-1 > .fusion-column-wrapper {margin-right : 1.92%;margin-left : 1.92%;}}@media only screen and (max-width:640px) {.fusion-body .fusion-builder-column-1{width:100% !important;}.fusion-builder-column-1 > .fusion-column-wrapper {margin-right : 1.92%;margin-left : 1.92%;}}<\/style><\/div><div class=\"fusion-layout-column fusion_builder_column fusion-builder-column-2 fusion_builder_column_1_2 1_2 fusion-flex-column\"><div class=\"fusion-column-wrapper fusion-flex-justify-content-flex-start fusion-content-layout-column\" style=\"background-position:left top;background-repeat:no-repeat;-webkit-background-size:cover;-moz-background-size:cover;-o-background-size:cover;background-size:cover;padding: 0px 0px 0px 0px;\"><div class=\"fusion-text fusion-text-2\"><p>\"IMC\" With the strength we take from our name, we continue our tradition of IMeCe cooperation, we continue to add value to the economy with our work, with the value we give to people; We continue to maintain our understanding of environmentally sensitive quality production by giving importance to human health and occupational safety, and we aim to be a world brand by striving to be the best in our business in all areas. We do not forget that the most important value that we have learnt from our elders and that has brought us to this day is humility. As it is known;<\/p>\n<p>\"Humility ennobles a man.\"<\/p>\n<p>\"Without justice, governance is useless; without generosity, wealth is useless; without humility, advancement is useless.\"<\/p>\n<p>Our greatest heritage and treasure is our young people, our advice to young people is to save money and to know the value of what they have and to shape their future as individuals who are beneficial to humanity and society.<\/p>\n<\/div><\/div><style type=\"text\/css\">.fusion-body .fusion-builder-column-2{width:50% !important;margin-top : 0px;margin-bottom : 20px;}.fusion-builder-column-2 > .fusion-column-wrapper {padding-top : 0px !important;padding-right : 0px !important;margin-right : 3.84%;padding-bottom : 0px !important;padding-left : 0px !important;margin-left : 3.84%;}@media only screen and (max-width:1200px) {.fusion-body .fusion-builder-column-2{width:100% !important;order : 0;}.fusion-builder-column-2 > .fusion-column-wrapper {margin-right : 1.92%;margin-left : 1.92%;}}@media only screen and (max-width:640px) {.fusion-body .fusion-builder-column-2{width:100% !important;order : 0;}.fusion-builder-column-2 > .fusion-column-wrapper {margin-right : 1.92%;margin-left : 1.92%;}}<\/style><\/div><div class=\"fusion-layout-column fusion_builder_column fusion-builder-column-3 fusion_builder_column_1_2 1_2 fusion-flex-column\"><div class=\"fusion-column-wrapper fusion-flex-justify-content-flex-start fusion-content-layout-column\" style=\"background-position:left top;background-repeat:no-repeat;-webkit-background-size:cover;-moz-background-size:cover;-o-background-size:cover;background-size:cover;padding: 0px 0px 0px 0px;\"><div ><style>.imageframe-liftup.imageframe-2:before{border-radius:8px;}<\/style><div class=\"awb-image-frame awb-image-frame-2 imageframe-liftup imageframe-2\"><span class=\"fusion-imageframe imageframe-none imageframe-2 fusion-animated\" style=\"border-radius:8px;\" data-animationtype=\"fadeInLeft\" data-animationduration=\"1.0\" data-animationoffset=\"top-into-view\"><img decoding=\"async\" width=\"1200\" height=\"675\" title=\"DCIM100MEDIADJI_0023.JPG\" src=\"https:\/\/imc.com.tr\/wp-content\/uploads\/2022\/10\/imc-galvaniz.jpg\" data-orig-src=\"https:\/\/imc.com.tr\/wp-content\/uploads\/2022\/10\/imc-galvaniz.jpg\" alt class=\"lazyload img-responsive wp-image-6241\" srcset=\"data:image\/svg+xml,%3Csvg%20xmlns%3D%27http%3A%2F%2Fwww.w3.org%2F2000%2Fsvg%27%20width%3D%271200%27%20height%3D%27675%27%20viewBox%3D%270%200%201200%20675%27%3E%3Crect%20width%3D%271200%27%20height%3D%27675%27%20fill-opacity%3D%220%22%2F%3E%3C%2Fsvg%3E\" data-srcset=\"https:\/\/imc.com.tr\/wp-content\/uploads\/2022\/10\/imc-galvaniz-200x113.jpg 200w, https:\/\/imc.com.tr\/wp-content\/uploads\/2022\/10\/imc-galvaniz-400x225.jpg 400w, https:\/\/imc.com.tr\/wp-content\/uploads\/2022\/10\/imc-galvaniz-600x338.jpg 600w, https:\/\/imc.com.tr\/wp-content\/uploads\/2022\/10\/imc-galvaniz-800x450.jpg 800w, https:\/\/imc.com.tr\/wp-content\/uploads\/2022\/10\/imc-galvaniz.jpg 1200w\" data-sizes=\"auto\" data-orig-sizes=\"(max-width: 1200px) 100vw, (max-width: 640px) 100vw, 600px\" \/><\/span><\/div><\/div><\/div><style type=\"text\/css\">.fusion-body .fusion-builder-column-3{width:50% !important;margin-top : 0px;margin-bottom : 0px;}.fusion-builder-column-3 > .fusion-column-wrapper {padding-top : 0px !important;padding-right : 0px !important;margin-right : 0%;padding-bottom : 0px !important;padding-left : 0px !important;margin-left : 3.84%;}@media only screen and (max-width:1200px) {.fusion-body .fusion-builder-column-3{width:100% !important;}.fusion-builder-column-3 > .fusion-column-wrapper {margin-right : 1.92%;margin-left : 1.92%;}}@media only screen and (max-width:640px) {.fusion-body .fusion-builder-column-3{width:100% !important;}.fusion-builder-column-3 > .fusion-column-wrapper {margin-right : 1.92%;margin-left : 1.92%;}}<\/style><\/div><\/div><style type=\"text\/css\">.fusion-body .fusion-flex-container.fusion-builder-row-1{ padding-top : 1%;margin-top : 0px;padding-right : 0px;padding-bottom : 0px;margin-bottom : 0px;padding-left : 0px;}<\/style><\/div>","protected":false},"excerpt":{"rendered":"","protected":false},"author":2,"featured_media":0,"parent":0,"menu_order":0,"comment_status":"closed","ping_status":"closed","template":"100-width.php","meta":{"footnotes":""},"class_list":["post-5908","page","type-page","status-publish","hentry"],"_links":{"self":[{"href":"https:\/\/imc.com.tr\/en\/wp-json\/wp\/v2\/pages\/5908","targetHints":{"allow":["GET"]}}],"collection":[{"href":"https:\/\/imc.com.tr\/en\/wp-json\/wp\/v2\/pages"}],"about":[{"href":"https:\/\/imc.com.tr\/en\/wp-json\/wp\/v2\/types\/page"}],"author":[{"embeddable":true,"href":"https:\/\/imc.com.tr\/en\/wp-json\/wp\/v2\/users\/2"}],"replies":[{"embeddable":true,"href":"https:\/\/imc.com.tr\/en\/wp-json\/wp\/v2\/comments?post=5908"}],"version-history":[{"count":13,"href":"https:\/\/imc.com.tr\/en\/wp-json\/wp\/v2\/pages\/5908\/revisions"}],"predecessor-version":[{"id":6440,"href":"https:\/\/imc.com.tr\/en\/wp-json\/wp\/v2\/pages\/5908\/revisions\/6440"}],"wp:attachment":[{"href":"https:\/\/imc.com.tr\/en\/wp-json\/wp\/v2\/media?parent=5908"}],"curies":[{"name":"wp","href":"https:\/\/api.w.org\/{rel}","templated":true}]}}